{"id":64,"date":"2025-12-22T15:55:59","date_gmt":"2025-12-22T15:55:59","guid":{"rendered":"http:\/\/www.celsyus.effiscience.paris\/?page_id=64"},"modified":"2026-03-27T15:30:26","modified_gmt":"2026-03-27T15:30:26","slug":"hot-training-paris","status":"publish","type":"page","link":"http:\/\/www.celsyus.effiscience.paris\/","title":{"rendered":"Training"},"content":{"rendered":"\n<div class=\"wp-block-cover alignwide\" style=\"min-height:100vh;aspect-ratio:unset;\"><img loading=\"lazy\" decoding=\"async\" width=\"772\" height=\"746\" class=\"wp-block-cover__image-background wp-image-82 size-full\" alt=\"\" src=\"http:\/\/www.celsyus.effiscience.paris\/wp-content\/uploads\/2025\/12\/Gainage-pilates.png\" data-object-fit=\"cover\" srcset=\"http:\/\/www.celsyus.effiscience.paris\/wp-content\/uploads\/2025\/12\/Gainage-pilates.png 772w, http:\/\/www.celsyus.effiscience.paris\/wp-content\/uploads\/2025\/12\/Gainage-pilates-300x290.png 300w, http:\/\/www.celsyus.effiscience.paris\/wp-content\/uploads\/2025\/12\/Gainage-pilates-768x742.png 768w\" sizes=\"auto, (max-width: 772px) 100vw, 772px\" \/><span aria-hidden=\"true\" class=\"wp-block-cover__background has-background-dim\" style=\"background-color:#684129\"><\/span><div class=\"wp-block-cover__inner-container is-layout-constrained wp-block-cover-is-layout-constrained\">\n<h5 class=\"wp-block-heading has-text-align-center has-large-font-size\" id=\"h-feel-the-heat\">FEEL THE HEAT<\/h5>\n\n\n\n<h5 class=\"wp-block-heading has-text-align-center\">UNLEASH YOUR POWER<\/h5>\n\n\n\n<div style=\"height:100px\" aria-hidden=\"true\" class=\"wp-block-spacer\"><\/div>\n\n\n\n<div class=\"wp-block-buttons is-content-justification-center is-layout-flex wp-container-core-buttons-is-layout-a89b3969 wp-block-buttons-is-layout-flex\">\n<div class=\"wp-block-button is-style-outline is-style-outline--1\"><a class=\"wp-block-button__link wp-element-button\" href=\"https:\/\/www.celsyus.effiscience.paris\/index.php\/planning\/\">PLANNING<\/a><\/div>\n\n\n\n<div class=\"wp-block-button is-style-outline is-style-outline--2\"><a class=\"wp-block-button__link wp-element-button\" href=\"https:\/\/www.celsyus.effiscience.paris\/index.php\/tarifs\/\">     TARIFS     <\/a><\/div>\n<\/div>\n\n\n\n<h3 class=\"wp-block-heading has-text-align-center\" id=\"h-offre-speciale-20-sur-la-carte-decouverte-avec-le-code-start-hot-jusqu-au-1er-mai\"><strong>Offre sp\u00e9ciale : -20\u20ac sur la carte d\u00e9couverte avec le code START_HOT jusqu&#8217;au 1er mai<\/strong><\/h3>\n\n\n\n<div class=\"wp-block-buttons is-content-justification-center is-layout-flex wp-container-core-buttons-is-layout-a89b3969 wp-block-buttons-is-layout-flex\"><\/div>\n<\/div><\/div>\n\n\n\n<div class=\"wp-block-media-text alignwide has-media-on-the-right is-stacked-on-mobile\"><div class=\"wp-block-media-text__content\">\n<h2 class=\"wp-block-heading\">Hot Body Shape<\/h2>\n\n\n\n<h3 class=\"wp-block-heading\">Burn  .  Sculpt  . Transform<\/h3>\n\n\n\n<p>Un entra\u00eenement \u00e9nergisant dans une salle chauff\u00e9e, pens\u00e9 pour sculpter et tonifier votre corps. \u00c0 travers des mouvements pr\u00e9cis et rythm\u00e9s, le travail de renforcement se combine \u00e0 la chaleur pour intensifier l&#8217;effort et raffiner chaque ligne musculaire.<br>Une pratique compl\u00e8te, dynamique et stimulante, qui d\u00e9veloppe force, endurance musculaire et confiance tout en laissant une sensation de vitalit\u00e9 durable.<\/p>\n\n\n\n<p>50 minutes<\/p>\n<\/div><figure class=\"wp-block-media-text__media\"><img loading=\"lazy\" decoding=\"async\" width=\"648\" height=\"658\" src=\"http:\/\/www.celsyus.effiscience.paris\/wp-content\/uploads\/2025\/12\/Hot_Body_Sculpt.png\" alt=\"\" class=\"wp-image-130 size-full\" srcset=\"http:\/\/www.celsyus.effiscience.paris\/wp-content\/uploads\/2025\/12\/Hot_Body_Sculpt.png 648w, http:\/\/www.celsyus.effiscience.paris\/wp-content\/uploads\/2025\/12\/Hot_Body_Sculpt-295x300.png 295w\" sizes=\"auto, (max-width: 648px) 100vw, 648px\" \/><\/figure><\/div>\n\n\n\n<div class=\"wp-block-media-text alignwide is-stacked-on-mobile\"><figure class=\"wp-block-media-text__media\"><img loading=\"lazy\" decoding=\"async\" width=\"698\" height=\"618\" src=\"http:\/\/www.celsyus.effiscience.paris\/wp-content\/uploads\/2025\/12\/Hot-Pilates-Ball-2.png\" alt=\"\" class=\"wp-image-172 size-full\" srcset=\"http:\/\/www.celsyus.effiscience.paris\/wp-content\/uploads\/2025\/12\/Hot-Pilates-Ball-2.png 698w, http:\/\/www.celsyus.effiscience.paris\/wp-content\/uploads\/2025\/12\/Hot-Pilates-Ball-2-300x266.png 300w\" sizes=\"auto, (max-width: 698px) 100vw, 698px\" \/><\/figure><div class=\"wp-block-media-text__content\">\n<h2 class=\"wp-block-heading\" id=\"h-hot-core\">Hot Core<\/h2>\n\n\n\n<h3 class=\"wp-block-heading\">Power . Precision . Balance<\/h3>\n\n\n\n<p><strong>Un cours tonifiant et pr\u00e9cis<\/strong>, pratiqu\u00e9 dans une salle chauff\u00e9e pour amplifier le travail musculaire en profondeur.<\/p>\n\n\n\n<p>Concentr\u00e9e sur le centre du corps, cette pratique travaille les abdominaux profonds, le gainage, la posture et la stabilit\u00e9 afin de construire un corps plus tonique, plus fort et mieux align\u00e9.<\/p>\n\n\n\n<p>Port\u00e9e par une chaleur douce et enveloppante, la s\u00e9ance offre un travail pr\u00e9cis, profond et intens\u00e9ment sculptant.<\/p>\n\n\n\n<p>50 minutes<\/p>\n<\/div><\/div>\n\n\n\n<div class=\"wp-block-media-text alignwide has-media-on-the-right is-stacked-on-mobile\"><div class=\"wp-block-media-text__content\">\n<h2 class=\"wp-block-heading\" id=\"h-hot-pilates\">Hot Pilates<\/h2>\n\n\n\n<h3 class=\"wp-block-heading\">Strength  .  Control  .  Energy<\/h3>\n\n\n\n<p>Un <strong>entra\u00eenement dynamique au sol<\/strong>, r\u00e9alis\u00e9 dans une salle chauff\u00e9e pour intensifier le travail et renforcer la connexion corps\u2013esprit. Ce cours allie pr\u00e9cision du Pilates, fluidit\u00e9 des mouvements et chaleur bienfaisante pour am\u00e9liorer la force, la posture et la souplesse.<\/p>\n\n\n\n<p>50 minutes<\/p>\n<\/div><figure class=\"wp-block-media-text__media\"><img loading=\"lazy\" decoding=\"async\" width=\"772\" height=\"746\" src=\"http:\/\/www.celsyus.effiscience.paris\/wp-content\/uploads\/2025\/12\/Power-ring-pilates.png\" alt=\"\" class=\"wp-image-81 size-full\" srcset=\"http:\/\/www.celsyus.effiscience.paris\/wp-content\/uploads\/2025\/12\/Power-ring-pilates.png 772w, http:\/\/www.celsyus.effiscience.paris\/wp-content\/uploads\/2025\/12\/Power-ring-pilates-300x290.png 300w, http:\/\/www.celsyus.effiscience.paris\/wp-content\/uploads\/2025\/12\/Power-ring-pilates-768x742.png 768w\" sizes=\"auto, (max-width: 772px) 100vw, 772px\" \/><\/figure><\/div>\n\n\n\n<div class=\"wp-block-media-text alignwide is-stacked-on-mobile\"><figure class=\"wp-block-media-text__media\"><img loading=\"lazy\" decoding=\"async\" width=\"794\" height=\"754\" src=\"http:\/\/www.celsyus.effiscience.paris\/wp-content\/uploads\/2025\/12\/Pilates_2.png\" alt=\"\" class=\"wp-image-133 size-full\" srcset=\"http:\/\/www.celsyus.effiscience.paris\/wp-content\/uploads\/2025\/12\/Pilates_2.png 794w, http:\/\/www.celsyus.effiscience.paris\/wp-content\/uploads\/2025\/12\/Pilates_2-300x285.png 300w, http:\/\/www.celsyus.effiscience.paris\/wp-content\/uploads\/2025\/12\/Pilates_2-768x729.png 768w\" sizes=\"auto, (max-width: 794px) 100vw, 794px\" \/><\/figure><div class=\"wp-block-media-text__content\">\n<h2 class=\"wp-block-heading\" id=\"h-hot-stretching-flow\">Hot Stretching Flow<\/h2>\n\n\n\n<h3 class=\"wp-block-heading\">Stretch . Breathe . Align<\/h3>\n\n\n\n<p>Une pratique vigoureuse et structur\u00e9e, r\u00e9alis\u00e9e dans une salle chauff\u00e9e pour intensifier chaque posture. Ce cours allie force, endurance et pr\u00e9cision, avec des encha\u00eenements puissants qui \u00e9tirent le corps et clarifient l\u2019esprit.<\/p>\n\n\n\n<p>Port\u00e9 par la chaleur et la respiration, le Hot Stretching Flow, renforce et revitalise, offrant une exp\u00e9rience profonde de d\u00e9passement et d\u2019ancrage.<\/p>\n\n\n\n<p>50 minutes<\/p>\n<\/div><\/div>\n\n\n\n<p><\/p>\n","protected":false},"excerpt":{"rendered":"<p>Hot Body Shape Burn . Sculpt . Transform Un entra\u00eenement \u00e9nergisant dans une salle chauff\u00e9e, pens\u00e9 pour sculpter et tonifier [&hellip;]<\/p>\n","protected":false},"author":1,"featured_media":0,"parent":0,"menu_order":0,"comment_status":"closed","ping_status":"closed","template":"","meta":{"site-sidebar-layout":"default","site-content-layout":"","ast-site-content-layout":"default","site-content-style":"unboxed","site-sidebar-style":"default","ast-global-header-display":"","ast-banner-title-visibility":"","ast-main-header-display":"","ast-hfb-above-header-display":"","ast-hfb-below-header-display":"","ast-hfb-mobile-header-display":"","site-post-title":"disabled","ast-breadcrumbs-content":"","ast-featured-img":"","footer-sml-layout":"","ast-disable-related-posts":"","theme-transparent-header-meta":"","adv-header-id-meta":"","stick-header-meta":"","header-above-stick-meta":"","header-main-stick-meta":"","header-below-stick-meta":"","astra-migrate-meta-layouts":"default","ast-page-background-enabled":"default","ast-page-background-meta":{"desktop":{"background-color":"var(--ast-global-color-5)","background-image":"","background-repeat":"repeat","background-position":"center center","background-size":"auto","background-attachment":"scroll","background-type":"","background-media":"","overlay-type":"","overlay-color":"","overlay-opacity":"","overlay-gradient":""},"tablet":{"background-color":"","background-image":"","background-repeat":"repeat","background-position":"center center","background-size":"auto","background-attachment":"scroll","background-type":"","background-media":"","overlay-type":"","overlay-color":"","overlay-opacity":"","overlay-gradient":""},"mobile":{"background-color":"","background-image":"","background-repeat":"repeat","background-position":"center center","background-size":"auto","background-attachment":"scroll","background-type":"","background-media":"","overlay-type":"","overlay-color":"","overlay-opacity":"","overlay-gradient":""}},"ast-content-background-meta":{"desktop":{"background-color":"var(--ast-global-color-4)","background-image":"","background-repeat":"repeat","background-position":"center center","background-size":"auto","background-attachment":"scroll","background-type":"","background-media":"","overlay-type":"","overlay-color":"","overlay-opacity":"","overlay-gradient":""},"tablet":{"background-color":"var(--ast-global-color-4)","background-image":"","background-repeat":"repeat","background-position":"center center","background-size":"auto","background-attachment":"scroll","background-type":"","background-media":"","overlay-type":"","overlay-color":"","overlay-opacity":"","overlay-gradient":""},"mobile":{"background-color":"var(--ast-global-color-4)","background-image":"","background-repeat":"repeat","background-position":"center center","background-size":"auto","background-attachment":"scroll","background-type":"","background-media":"","overlay-type":"","overlay-color":"","overlay-opacity":"","overlay-gradient":""}},"footnotes":""},"class_list":["post-64","page","type-page","status-publish","hentry"],"yoast_head":"<!-- This site is optimized with the Yoast SEO Premium plugin v26.7 (Yoast SEO v26.7) - https:\/\/yoast.com\/wordpress\/plugins\/seo\/ -->\n<title>Training - EffiScience<\/title>\n<meta name=\"robots\" content=\"index, follow, max-snippet:-1, max-image-preview:large, max-video-preview:-1\" \/>\n<link rel=\"canonical\" href=\"http:\/\/www.celsyus.effiscience.paris\/\" \/>\n<meta property=\"og:locale\" content=\"en_US\" \/>\n<meta property=\"og:type\" content=\"article\" \/>\n<meta property=\"og:title\" content=\"Training\" \/>\n<meta property=\"og:description\" content=\"Hot Body Shape Burn . Sculpt . Transform Un entra\u00eenement \u00e9nergisant dans une salle chauff\u00e9e, pens\u00e9 pour sculpter et tonifier [&hellip;]\" \/>\n<meta property=\"og:url\" content=\"http:\/\/www.celsyus.effiscience.paris\/\" \/>\n<meta property=\"og:site_name\" content=\"EffiScience\" \/>\n<meta property=\"article:publisher\" content=\"https:\/\/www.facebook.com\/EffiscienceParis\/\" \/>\n<meta property=\"article:modified_time\" content=\"2026-03-27T15:30:26+00:00\" \/>\n<meta property=\"og:image\" content=\"http:\/\/www.celsyus.effiscience.paris\/wp-content\/uploads\/2025\/12\/Gainage-pilates.png\" \/>\n<meta name=\"twitter:card\" content=\"summary_large_image\" \/>\n<meta name=\"twitter:label1\" content=\"Est. reading time\" \/>\n\t<meta name=\"twitter:data1\" content=\"3 minutes\" \/>\n<script type=\"application\/ld+json\" class=\"yoast-schema-graph\">{\"@context\":\"https:\/\/schema.org\",\"@graph\":[{\"@type\":\"WebPage\",\"@id\":\"http:\/\/www.celsyus.effiscience.paris\/\",\"url\":\"http:\/\/www.celsyus.effiscience.paris\/\",\"name\":\"Training - EffiScience\",\"isPartOf\":{\"@id\":\"http:\/\/www.celsyus.effiscience.paris\/#website\"},\"primaryImageOfPage\":{\"@id\":\"http:\/\/www.celsyus.effiscience.paris\/#primaryimage\"},\"image\":{\"@id\":\"http:\/\/www.celsyus.effiscience.paris\/#primaryimage\"},\"thumbnailUrl\":\"http:\/\/www.celsyus.effiscience.paris\/wp-content\/uploads\/2025\/12\/Gainage-pilates.png\",\"datePublished\":\"2025-12-22T15:55:59+00:00\",\"dateModified\":\"2026-03-27T15:30:26+00:00\",\"breadcrumb\":{\"@id\":\"http:\/\/www.celsyus.effiscience.paris\/#breadcrumb\"},\"inLanguage\":\"en-US\",\"potentialAction\":[{\"@type\":\"ReadAction\",\"target\":[\"http:\/\/www.celsyus.effiscience.paris\/\"]}]},{\"@type\":\"ImageObject\",\"inLanguage\":\"en-US\",\"@id\":\"http:\/\/www.celsyus.effiscience.paris\/#primaryimage\",\"url\":\"http:\/\/www.celsyus.effiscience.paris\/wp-content\/uploads\/2025\/12\/Gainage-pilates.png\",\"contentUrl\":\"http:\/\/www.celsyus.effiscience.paris\/wp-content\/uploads\/2025\/12\/Gainage-pilates.png\",\"width\":772,\"height\":746},{\"@type\":\"BreadcrumbList\",\"@id\":\"http:\/\/www.celsyus.effiscience.paris\/#breadcrumb\",\"itemListElement\":[{\"@type\":\"ListItem\",\"position\":1,\"name\":\"Home\",\"item\":\"http:\/\/www.celsyus.effiscience.paris\/\"},{\"@type\":\"ListItem\",\"position\":2,\"name\":\"Training\"}]},{\"@type\":\"WebSite\",\"@id\":\"http:\/\/www.celsyus.effiscience.paris\/#website\",\"url\":\"http:\/\/www.celsyus.effiscience.paris\/\",\"name\":\"EffiScience\",\"description\":\"\",\"publisher\":{\"@id\":\"http:\/\/www.celsyus.effiscience.paris\/#organization\"},\"potentialAction\":[{\"@type\":\"SearchAction\",\"target\":{\"@type\":\"EntryPoint\",\"urlTemplate\":\"http:\/\/www.celsyus.effiscience.paris\/?s={search_term_string}\"},\"query-input\":{\"@type\":\"PropertyValueSpecification\",\"valueRequired\":true,\"valueName\":\"search_term_string\"}}],\"inLanguage\":\"en-US\"},{\"@type\":[\"Organization\",\"Place\"],\"@id\":\"http:\/\/www.celsyus.effiscience.paris\/#organization\",\"name\":\"EffiScience Paris\",\"alternateName\":\"EffiScience\",\"url\":\"http:\/\/www.celsyus.effiscience.paris\/\",\"logo\":{\"@id\":\"http:\/\/www.celsyus.effiscience.paris\/#local-main-organization-logo\"},\"image\":{\"@id\":\"http:\/\/www.celsyus.effiscience.paris\/#local-main-organization-logo\"},\"sameAs\":[\"https:\/\/www.facebook.com\/EffiscienceParis\/\",\"https:\/\/www.instagram.com\/effiscience_paris\/\"],\"telephone\":[],\"openingHoursSpecification\":[{\"@type\":\"OpeningHoursSpecification\",\"dayOfWeek\":[\"Monday\",\"Tuesday\",\"Wednesday\",\"Thursday\",\"Friday\",\"Saturday\",\"Sunday\"],\"opens\":\"09:00\",\"closes\":\"17:00\"}]},{\"@type\":\"ImageObject\",\"inLanguage\":\"en-US\",\"@id\":\"http:\/\/www.celsyus.effiscience.paris\/#local-main-organization-logo\",\"url\":\"http:\/\/www.celsyus.effiscience.paris\/wp-content\/uploads\/2025\/12\/EffiScienceLogoCarre.png\",\"contentUrl\":\"http:\/\/www.celsyus.effiscience.paris\/wp-content\/uploads\/2025\/12\/EffiScienceLogoCarre.png\",\"width\":330,\"height\":331,\"caption\":\"EffiScience Paris\"}]}<\/script>\n<!-- \/ Yoast SEO Premium plugin. -->","yoast_head_json":{"title":"Training - EffiScience","robots":{"index":"index","follow":"follow","max-snippet":"max-snippet:-1","max-image-preview":"max-image-preview:large","max-video-preview":"max-video-preview:-1"},"canonical":"http:\/\/www.celsyus.effiscience.paris\/","og_locale":"en_US","og_type":"article","og_title":"Training","og_description":"Hot Body Shape Burn . Sculpt . Transform Un entra\u00eenement \u00e9nergisant dans une salle chauff\u00e9e, pens\u00e9 pour sculpter et tonifier [&hellip;]","og_url":"http:\/\/www.celsyus.effiscience.paris\/","og_site_name":"EffiScience","article_publisher":"https:\/\/www.facebook.com\/EffiscienceParis\/","article_modified_time":"2026-03-27T15:30:26+00:00","og_image":[{"url":"http:\/\/www.celsyus.effiscience.paris\/wp-content\/uploads\/2025\/12\/Gainage-pilates.png","type":"","width":"","height":""}],"twitter_card":"summary_large_image","twitter_misc":{"Est. reading time":"3 minutes"},"schema":{"@context":"https:\/\/schema.org","@graph":[{"@type":"WebPage","@id":"http:\/\/www.celsyus.effiscience.paris\/","url":"http:\/\/www.celsyus.effiscience.paris\/","name":"Training - EffiScience","isPartOf":{"@id":"http:\/\/www.celsyus.effiscience.paris\/#website"},"primaryImageOfPage":{"@id":"http:\/\/www.celsyus.effiscience.paris\/#primaryimage"},"image":{"@id":"http:\/\/www.celsyus.effiscience.paris\/#primaryimage"},"thumbnailUrl":"http:\/\/www.celsyus.effiscience.paris\/wp-content\/uploads\/2025\/12\/Gainage-pilates.png","datePublished":"2025-12-22T15:55:59+00:00","dateModified":"2026-03-27T15:30:26+00:00","breadcrumb":{"@id":"http:\/\/www.celsyus.effiscience.paris\/#breadcrumb"},"inLanguage":"en-US","potentialAction":[{"@type":"ReadAction","target":["http:\/\/www.celsyus.effiscience.paris\/"]}]},{"@type":"ImageObject","inLanguage":"en-US","@id":"http:\/\/www.celsyus.effiscience.paris\/#primaryimage","url":"http:\/\/www.celsyus.effiscience.paris\/wp-content\/uploads\/2025\/12\/Gainage-pilates.png","contentUrl":"http:\/\/www.celsyus.effiscience.paris\/wp-content\/uploads\/2025\/12\/Gainage-pilates.png","width":772,"height":746},{"@type":"BreadcrumbList","@id":"http:\/\/www.celsyus.effiscience.paris\/#breadcrumb","itemListElement":[{"@type":"ListItem","position":1,"name":"Home","item":"http:\/\/www.celsyus.effiscience.paris\/"},{"@type":"ListItem","position":2,"name":"Training"}]},{"@type":"WebSite","@id":"http:\/\/www.celsyus.effiscience.paris\/#website","url":"http:\/\/www.celsyus.effiscience.paris\/","name":"EffiScience","description":"","publisher":{"@id":"http:\/\/www.celsyus.effiscience.paris\/#organization"},"potentialAction":[{"@type":"SearchAction","target":{"@type":"EntryPoint","urlTemplate":"http:\/\/www.celsyus.effiscience.paris\/?s={search_term_string}"},"query-input":{"@type":"PropertyValueSpecification","valueRequired":true,"valueName":"search_term_string"}}],"inLanguage":"en-US"},{"@type":["Organization","Place"],"@id":"http:\/\/www.celsyus.effiscience.paris\/#organization","name":"EffiScience Paris","alternateName":"EffiScience","url":"http:\/\/www.celsyus.effiscience.paris\/","logo":{"@id":"http:\/\/www.celsyus.effiscience.paris\/#local-main-organization-logo"},"image":{"@id":"http:\/\/www.celsyus.effiscience.paris\/#local-main-organization-logo"},"sameAs":["https:\/\/www.facebook.com\/EffiscienceParis\/","https:\/\/www.instagram.com\/effiscience_paris\/"],"telephone":[],"openingHoursSpecification":[{"@type":"OpeningHoursSpecification","dayOfWeek":["Monday","Tuesday","Wednesday","Thursday","Friday","Saturday","Sunday"],"opens":"09:00","closes":"17:00"}]},{"@type":"ImageObject","inLanguage":"en-US","@id":"http:\/\/www.celsyus.effiscience.paris\/#local-main-organization-logo","url":"http:\/\/www.celsyus.effiscience.paris\/wp-content\/uploads\/2025\/12\/EffiScienceLogoCarre.png","contentUrl":"http:\/\/www.celsyus.effiscience.paris\/wp-content\/uploads\/2025\/12\/EffiScienceLogoCarre.png","width":330,"height":331,"caption":"EffiScience Paris"}]}},"_links":{"self":[{"href":"http:\/\/www.celsyus.effiscience.paris\/index.php\/wp-json\/wp\/v2\/pages\/64","targetHints":{"allow":["GET"]}}],"collection":[{"href":"http:\/\/www.celsyus.effiscience.paris\/index.php\/wp-json\/wp\/v2\/pages"}],"about":[{"href":"http:\/\/www.celsyus.effiscience.paris\/index.php\/wp-json\/wp\/v2\/types\/page"}],"author":[{"embeddable":true,"href":"http:\/\/www.celsyus.effiscience.paris\/index.php\/wp-json\/wp\/v2\/users\/1"}],"replies":[{"embeddable":true,"href":"http:\/\/www.celsyus.effiscience.paris\/index.php\/wp-json\/wp\/v2\/comments?post=64"}],"version-history":[{"count":34,"href":"http:\/\/www.celsyus.effiscience.paris\/index.php\/wp-json\/wp\/v2\/pages\/64\/revisions"}],"predecessor-version":[{"id":644,"href":"http:\/\/www.celsyus.effiscience.paris\/index.php\/wp-json\/wp\/v2\/pages\/64\/revisions\/644"}],"wp:attachment":[{"href":"http:\/\/www.celsyus.effiscience.paris\/index.php\/wp-json\/wp\/v2\/media?parent=64"}],"curies":[{"name":"wp","href":"https:\/\/api.w.org\/{rel}","templated":true}]}}