{"id":180,"date":"2025-12-23T18:28:26","date_gmt":"2025-12-23T18:28:26","guid":{"rendered":"http:\/\/www.celsyus.effiscience.paris\/?page_id=180"},"modified":"2026-04-25T02:16:09","modified_gmt":"2026-04-25T02:16:09","slug":"soin-visage-a-paris-concept","status":"publish","type":"page","link":"http:\/\/www.celsyus.effiscience.paris\/index.php\/soin-visage-a-paris-concept\/","title":{"rendered":"Soin visage \u00e0 Paris &#8211; le concept"},"content":{"rendered":"\n<div class=\"wp-block-cover alignwide\" style=\"min-height:100vh;aspect-ratio:unset;\"><img loading=\"lazy\" decoding=\"async\" width=\"1604\" height=\"920\" class=\"wp-block-cover__image-background wp-image-227 size-full\" alt=\"Soin visage \u00e0 Paris Kobido hydrafacial LuminFusion RadioFr\u00e9quence haut de gamme\" src=\"http:\/\/www.celsyus.effiscience.paris\/wp-content\/uploads\/2025\/12\/Kobido1-1.png\" data-object-fit=\"cover\" srcset=\"http:\/\/www.celsyus.effiscience.paris\/wp-content\/uploads\/2025\/12\/Kobido1-1.png 1604w, http:\/\/www.celsyus.effiscience.paris\/wp-content\/uploads\/2025\/12\/Kobido1-1-300x172.png 300w, http:\/\/www.celsyus.effiscience.paris\/wp-content\/uploads\/2025\/12\/Kobido1-1-1024x587.png 1024w, http:\/\/www.celsyus.effiscience.paris\/wp-content\/uploads\/2025\/12\/Kobido1-1-768x440.png 768w, http:\/\/www.celsyus.effiscience.paris\/wp-content\/uploads\/2025\/12\/Kobido1-1-1536x881.png 1536w\" sizes=\"auto, (max-width: 1604px) 100vw, 1604px\" \/><span aria-hidden=\"true\" class=\"wp-block-cover__background has-background-dim\" style=\"background-color:#602f14\"><\/span><div class=\"wp-block-cover__inner-container is-layout-constrained wp-block-cover-is-layout-constrained\">\n<h3 class=\"wp-block-heading has-text-align-center\" id=\"h-skin-care-a-paris-le-concept\">Skin care \u00e0 Paris &#8211; Le Concept<\/h3>\n\n\n\n<div style=\"height:100px\" aria-hidden=\"true\" class=\"wp-block-spacer\"><\/div>\n\n\n\n<h6 class=\"wp-block-heading has-text-align-center\" id=\"h-restore-and-sculpt\">RESTORE AND SCULPT<\/h6>\n\n\n\n<h5 class=\"wp-block-heading has-text-align-center\" id=\"h-reveal-your-glow\"><strong>REVEAL YOUR GLOW<\/strong><\/h5>\n\n\n\n<div style=\"height:100px\" aria-hidden=\"true\" class=\"wp-block-spacer\"><\/div>\n\n\n\n<p>\u00c0 la recherche d\u2019un&nbsp;<strong>soin visage \u00e0 Paris<\/strong>&nbsp;alliant expertise esth\u00e9tique, technologies de pointe et approche sur mesure ? Chez&nbsp;EffiScience Paris, nous proposons des soins personnalis\u00e9s pour hydrater, purifier, raffermir et r\u00e9v\u00e9ler l\u2019\u00e9clat naturel de votre peau. Situ\u00e9 \u00e0 Paris, notre centre vous accueille dans un cadre \u00e9l\u00e9gant d\u00e9di\u00e9 \u00e0 la beaut\u00e9 et au bien-\u00eatre.<\/p>\n\n\n\n<div class=\"wp-block-buttons is-content-justification-center is-layout-flex wp-container-core-buttons-is-layout-a89b3969 wp-block-buttons-is-layout-flex\">\n<div class=\"wp-block-button\"><a class=\"wp-block-button__link wp-element-button\" href=\"https:\/\/www.planity.com\/effiscience-paris-75006\">Prendre rendez-vous pour un diagnostique<\/a><\/div>\n<\/div>\n<\/div><\/div>\n\n\n\n<div style=\"height:100px\" aria-hidden=\"true\" class=\"wp-block-spacer\"><\/div>\n\n\n\n<h2 class=\"wp-block-heading has-text-align-left\" id=\"h-decouvrez-nos-soins-visage-a-paris-bases-sur-l-alliance-du-chaud-amp-du-froid\">D\u00e9couvrez nos soins visage \u00e0 Paris bas\u00e9s sur l\u2019alliance du Chaud &amp; du Froid<\/h2>\n\n\n\n<p>Chez EffiScience, le&nbsp;<strong>soin visage \u00e0 Paris<\/strong>&nbsp;devient une exp\u00e9rience de bien-\u00eatre et de performance. Gr\u00e2ce \u00e0 l\u2019alternance du chaud \/ froid, la peau est stimul\u00e9e en profondeur et les r\u00e9sultats sont visibles.<\/p>\n\n\n\n<p>Nos soins visage associent technologies, gestuelles expertes et variations thermiques. Chaque protocole est pens\u00e9 pour r\u00e9pondre aux besoins sp\u00e9cifiques de la peau. La chaleur favorise la r\u00e9g\u00e9n\u00e9ration, l\u2019oxyg\u00e9nation et la p\u00e9n\u00e9tration des actifs alors que le froid tonifie, raffermit et ravive l\u2019\u00e9clat.<\/p>\n\n\n\n<p>Ensemble, ces contrastes activent les m\u00e9canismes naturels de la peau et offrent une exp\u00e9rience \u00e0 la fois efficace et sensorielle.<\/p>\n\n\n\n<div class=\"wp-block-buttons is-content-justification-center is-layout-flex wp-container-core-buttons-is-layout-a89b3969 wp-block-buttons-is-layout-flex\">\n<div class=\"wp-block-button\"><a class=\"wp-block-button__link has-text-align-center wp-element-button\">R\u00e9server un soin<\/a><\/div>\n<\/div>\n\n\n\n<h2 class=\"wp-block-heading\" id=\"h-des-soins-visage-haut-de-gamme-ne-des-effets-du-chaud-et-du-froid\">Des soins visage haut de gamme, n\u00e9 des effets du chaud  et du froid<\/h2>\n\n\n\n<p>Chaque protocole d\u00e9bute par une analyse de la peau afin de r\u00e9pondre pr\u00e9cis\u00e9ment \u00e0 ses besoins:<\/p>\n\n\n\n<ul class=\"wp-block-list\">\n<li>un teint plus lumineux et homog\u00e8ne<\/li>\n\n\n\n<li>une peau raffermie et revitalis\u00e9e<\/li>\n\n\n\n<li>une hydratation profonde<\/li>\n\n\n\n<li>une action anti-\u00e2ge visible<\/li>\n\n\n\n<li>un moment de l\u00e2cher-prise absolu<\/li>\n<\/ul>\n\n\n\n<p>En associant&nbsp;<strong>chaleur contr\u00f4l\u00e9e, froid tonifiant et technologies non invasives<\/strong>, nos soins visage stimulent la micro-circulation, am\u00e9liorent la texture de la peau et procurent un effet bonne mine imm\u00e9diat, sans \u00e9viction sociale.<\/p>\n\n\n\n<h2 class=\"wp-block-heading\" id=\"h-resultats-visibles-relaxation-intense\">R\u00e9sultats visibles, relaxation intense<\/h2>\n\n\n\n<p>\u2714 Peau plus lisse et plus ferme<br>\u2714 Teint <font color=\"#000000\"><span style=\"caret-color: rgb(0, 0, 0);\">h<\/span><\/font>omog\u00e8ne et repos\u00e9<br>\u2714 Traits d\u00e9tendus<br>\u2714 Grain de peau affin\u00e9<\/p>\n\n\n\n<p>Les r\u00e9sultats sont perceptibles d\u00e8s la premi\u00e8re s\u00e9ance et s\u2019inscrivent dans le temps gr\u00e2ce \u00e0 des protocoles d\u2019entretien personnalis\u00e9s.<\/p>\n\n\n\n<h2 class=\"wp-block-heading\" id=\"h-pourquoi-choisir-effiscience-pour-vos-soins-visage-a-paris\">Pourquoi choisir EffiScience pour vos soins visage \u00e0 Paris ?<\/h2>\n\n\n\n<p>En plus de son expertise corps, EffiScience Paris propose une palette de soins visage haut de gamme qui se combinent id\u00e9alement aux s\u00e9ance de sport et de soin minceur.<\/p>\n\n\n\n<ul class=\"wp-block-list\">\n<li>Des techniques inspir\u00e9es des bienfaits du chaud et du froid<\/li>\n\n\n\n<li>Des soins visage r\u00e9alis\u00e9s avec des produits d&#8217;exception de la gamme Dermalogica<\/li>\n\n\n\n<li>Des technologies esth\u00e9tiques haut de gamme comme l&#8217;hydrafacial ou la radiofr\u00e9quence<\/li>\n\n\n\n<li>Des r\u00e9sultats visibles, mesurables et durables<\/li>\n<\/ul>\n\n\n\n<p>Le soin visage devient un&nbsp;<strong>rituel de r\u00e9g\u00e9n\u00e9ration<\/strong>, o\u00f9 performance beaut\u00e9 et bien-\u00eatre profond ne font qu\u2019un.<\/p>\n\n\n\n<div class=\"wp-block-buttons is-content-justification-center is-layout-flex wp-container-core-buttons-is-layout-a89b3969 wp-block-buttons-is-layout-flex\">\n<div class=\"wp-block-button\"><a class=\"wp-block-button__link has-text-align-center wp-element-button\" href=\"https:\/\/www.celsyus.effiscience.paris\/index.php\/soin-visage-a-paris\/\" target=\"_blank\" rel=\"noreferrer noopener\">Tout savoir sur nos soins<\/a><\/div>\n\n\n\n<div class=\"wp-block-button\"><a class=\"wp-block-button__link has-text-align-center wp-element-button\" href=\"https:\/\/www.planity.com\/effiscience-paris-75006\">Prendre rendez-vous<\/a><\/div>\n<\/div>\n\n\n\n<p><\/p>\n","protected":false},"excerpt":{"rendered":"<p>D\u00e9couvrez nos soins visage \u00e0 Paris bas\u00e9s sur l\u2019alliance du Chaud &amp; du Froid Chez EffiScience, le&nbsp;soin visage \u00e0 Paris&nbsp;devient [&hellip;]<\/p>\n","protected":false},"author":1,"featured_media":0,"parent":0,"menu_order":0,"comment_status":"closed","ping_status":"closed","template":"","meta":{"site-sidebar-layout":"default","site-content-layout":"","ast-site-content-layout":"default","site-content-style":"default","site-sidebar-style":"default","ast-global-header-display":"","ast-banner-title-visibility":"","ast-main-header-display":"","ast-hfb-above-header-display":"","ast-hfb-below-header-display":"","ast-hfb-mobile-header-display":"","site-post-title":"disabled","ast-breadcrumbs-content":"","ast-featured-img":"","footer-sml-layout":"","ast-disable-related-posts":"","theme-transparent-header-meta":"","adv-header-id-meta":"","stick-header-meta":"","header-above-stick-meta":"","header-main-stick-meta":"","header-below-stick-meta":"","astra-migrate-meta-layouts":"default","ast-page-background-enabled":"default","ast-page-background-meta":{"desktop":{"background-color":"var(--ast-global-color-5)","background-image":"","background-repeat":"repeat","background-position":"center center","background-size":"auto","background-attachment":"scroll","background-type":"","background-media":"","overlay-type":"","overlay-color":"","overlay-opacity":"","overlay-gradient":""},"tablet":{"background-color":"","background-image":"","background-repeat":"repeat","background-position":"center center","background-size":"auto","background-attachment":"scroll","background-type":"","background-media":"","overlay-type":"","overlay-color":"","overlay-opacity":"","overlay-gradient":""},"mobile":{"background-color":"","background-image":"","background-repeat":"repeat","background-position":"center center","background-size":"auto","background-attachment":"scroll","background-type":"","background-media":"","overlay-type":"","overlay-color":"","overlay-opacity":"","overlay-gradient":""}},"ast-content-background-meta":{"desktop":{"background-color":"var(--ast-global-color-4)","background-image":"","background-repeat":"repeat","background-position":"center center","background-size":"auto","background-attachment":"scroll","background-type":"","background-media":"","overlay-type":"","overlay-color":"","overlay-opacity":"","overlay-gradient":""},"tablet":{"background-color":"var(--ast-global-color-4)","background-image":"","background-repeat":"repeat","background-position":"center center","background-size":"auto","background-attachment":"scroll","background-type":"","background-media":"","overlay-type":"","overlay-color":"","overlay-opacity":"","overlay-gradient":""},"mobile":{"background-color":"var(--ast-global-color-4)","background-image":"","background-repeat":"repeat","background-position":"center center","background-size":"auto","background-attachment":"scroll","background-type":"","background-media":"","overlay-type":"","overlay-color":"","overlay-opacity":"","overlay-gradient":""}},"footnotes":""},"class_list":["post-180","page","type-page","status-publish","hentry"],"yoast_head":"<!-- This site is optimized with the Yoast SEO Premium plugin v26.7 (Yoast SEO v26.7) - https:\/\/yoast.com\/wordpress\/plugins\/seo\/ -->\n<title>Soin visage \u00e0 Paris : votre exp\u00e9rience unique - EffiScience<\/title>\n<meta name=\"description\" content=\"Des soins visage haut de gamme pour sublimer et revitaliser la peau gr\u00e2ce aux bienfaits du contraste chaud \/ froid.\" \/>\n<meta name=\"robots\" content=\"index, follow, max-snippet:-1, max-image-preview:large, max-video-preview:-1\" \/>\n<link rel=\"canonical\" href=\"http:\/\/www.celsyus.effiscience.paris\/index.php\/soin-visage-a-paris-concept\/\" \/>\n<meta property=\"og:locale\" content=\"en_US\" \/>\n<meta property=\"og:type\" content=\"article\" \/>\n<meta property=\"og:title\" content=\"Soin visage \u00e0 Paris - le concept\" \/>\n<meta property=\"og:description\" content=\"Des soins visage haut de gamme pour sublimer et revitaliser la peau gr\u00e2ce aux bienfaits du contraste chaud \/ froid.\" \/>\n<meta property=\"og:url\" content=\"http:\/\/www.celsyus.effiscience.paris\/index.php\/soin-visage-a-paris-concept\/\" \/>\n<meta property=\"og:site_name\" content=\"EffiScience\" \/>\n<meta property=\"article:publisher\" content=\"https:\/\/www.facebook.com\/EffiscienceParis\/\" \/>\n<meta property=\"article:modified_time\" content=\"2026-04-25T02:16:09+00:00\" \/>\n<meta property=\"og:image\" content=\"http:\/\/www.celsyus.effiscience.paris\/wp-content\/uploads\/2025\/12\/Kobido1-1.png\" \/>\n<meta name=\"twitter:card\" content=\"summary_large_image\" \/>\n<meta name=\"twitter:label1\" content=\"Est. reading time\" \/>\n\t<meta name=\"twitter:data1\" content=\"3 minutes\" \/>\n<script type=\"application\/ld+json\" class=\"yoast-schema-graph\">{\"@context\":\"https:\/\/schema.org\",\"@graph\":[{\"@type\":\"WebPage\",\"@id\":\"http:\/\/www.celsyus.effiscience.paris\/index.php\/soin-visage-a-paris-concept\/\",\"url\":\"http:\/\/www.celsyus.effiscience.paris\/index.php\/soin-visage-a-paris-concept\/\",\"name\":\"Soin visage \u00e0 Paris : votre exp\u00e9rience unique - EffiScience\",\"isPartOf\":{\"@id\":\"http:\/\/www.celsyus.effiscience.paris\/#website\"},\"primaryImageOfPage\":{\"@id\":\"http:\/\/www.celsyus.effiscience.paris\/index.php\/soin-visage-a-paris-concept\/#primaryimage\"},\"image\":{\"@id\":\"http:\/\/www.celsyus.effiscience.paris\/index.php\/soin-visage-a-paris-concept\/#primaryimage\"},\"thumbnailUrl\":\"http:\/\/www.celsyus.effiscience.paris\/wp-content\/uploads\/2025\/12\/Kobido1-1.png\",\"datePublished\":\"2025-12-23T18:28:26+00:00\",\"dateModified\":\"2026-04-25T02:16:09+00:00\",\"description\":\"Des soins visage haut de gamme pour sublimer et revitaliser la peau gr\u00e2ce aux bienfaits du contraste chaud \/ froid.\",\"breadcrumb\":{\"@id\":\"http:\/\/www.celsyus.effiscience.paris\/index.php\/soin-visage-a-paris-concept\/#breadcrumb\"},\"inLanguage\":\"en-US\",\"potentialAction\":[{\"@type\":\"ReadAction\",\"target\":[\"http:\/\/www.celsyus.effiscience.paris\/index.php\/soin-visage-a-paris-concept\/\"]}]},{\"@type\":\"ImageObject\",\"inLanguage\":\"en-US\",\"@id\":\"http:\/\/www.celsyus.effiscience.paris\/index.php\/soin-visage-a-paris-concept\/#primaryimage\",\"url\":\"http:\/\/www.celsyus.effiscience.paris\/wp-content\/uploads\/2025\/12\/Kobido1-1.png\",\"contentUrl\":\"http:\/\/www.celsyus.effiscience.paris\/wp-content\/uploads\/2025\/12\/Kobido1-1.png\",\"width\":1604,\"height\":920,\"caption\":\"Soin visage \u00e0 Paris haut de gamme\"},{\"@type\":\"BreadcrumbList\",\"@id\":\"http:\/\/www.celsyus.effiscience.paris\/index.php\/soin-visage-a-paris-concept\/#breadcrumb\",\"itemListElement\":[{\"@type\":\"ListItem\",\"position\":1,\"name\":\"Home\",\"item\":\"http:\/\/www.celsyus.effiscience.paris\/\"},{\"@type\":\"ListItem\",\"position\":2,\"name\":\"Soin visage \u00e0 Paris &#8211; le concept\"}]},{\"@type\":\"WebSite\",\"@id\":\"http:\/\/www.celsyus.effiscience.paris\/#website\",\"url\":\"http:\/\/www.celsyus.effiscience.paris\/\",\"name\":\"EffiScience\",\"description\":\"\",\"publisher\":{\"@id\":\"http:\/\/www.celsyus.effiscience.paris\/#organization\"},\"potentialAction\":[{\"@type\":\"SearchAction\",\"target\":{\"@type\":\"EntryPoint\",\"urlTemplate\":\"http:\/\/www.celsyus.effiscience.paris\/?s={search_term_string}\"},\"query-input\":{\"@type\":\"PropertyValueSpecification\",\"valueRequired\":true,\"valueName\":\"search_term_string\"}}],\"inLanguage\":\"en-US\"},{\"@type\":[\"Organization\",\"Place\"],\"@id\":\"http:\/\/www.celsyus.effiscience.paris\/#organization\",\"name\":\"EffiScience Paris\",\"alternateName\":\"EffiScience\",\"url\":\"http:\/\/www.celsyus.effiscience.paris\/\",\"logo\":{\"@id\":\"http:\/\/www.celsyus.effiscience.paris\/index.php\/soin-visage-a-paris-concept\/#local-main-organization-logo\"},\"image\":{\"@id\":\"http:\/\/www.celsyus.effiscience.paris\/index.php\/soin-visage-a-paris-concept\/#local-main-organization-logo\"},\"sameAs\":[\"https:\/\/www.facebook.com\/EffiscienceParis\/\",\"https:\/\/www.instagram.com\/effiscience_paris\/\"],\"telephone\":[],\"openingHoursSpecification\":[{\"@type\":\"OpeningHoursSpecification\",\"dayOfWeek\":[\"Monday\",\"Tuesday\",\"Wednesday\",\"Thursday\",\"Friday\",\"Saturday\",\"Sunday\"],\"opens\":\"09:00\",\"closes\":\"17:00\"}]},{\"@type\":\"ImageObject\",\"inLanguage\":\"en-US\",\"@id\":\"http:\/\/www.celsyus.effiscience.paris\/index.php\/soin-visage-a-paris-concept\/#local-main-organization-logo\",\"url\":\"http:\/\/www.celsyus.effiscience.paris\/wp-content\/uploads\/2025\/12\/EffiScienceLogoCarre.png\",\"contentUrl\":\"http:\/\/www.celsyus.effiscience.paris\/wp-content\/uploads\/2025\/12\/EffiScienceLogoCarre.png\",\"width\":330,\"height\":331,\"caption\":\"EffiScience Paris\"}]}<\/script>\n<!-- \/ Yoast SEO Premium plugin. -->","yoast_head_json":{"title":"Soin visage \u00e0 Paris : votre exp\u00e9rience unique - EffiScience","description":"Des soins visage haut de gamme pour sublimer et revitaliser la peau gr\u00e2ce aux bienfaits du contraste chaud \/ froid.","robots":{"index":"index","follow":"follow","max-snippet":"max-snippet:-1","max-image-preview":"max-image-preview:large","max-video-preview":"max-video-preview:-1"},"canonical":"http:\/\/www.celsyus.effiscience.paris\/index.php\/soin-visage-a-paris-concept\/","og_locale":"en_US","og_type":"article","og_title":"Soin visage \u00e0 Paris - le concept","og_description":"Des soins visage haut de gamme pour sublimer et revitaliser la peau gr\u00e2ce aux bienfaits du contraste chaud \/ froid.","og_url":"http:\/\/www.celsyus.effiscience.paris\/index.php\/soin-visage-a-paris-concept\/","og_site_name":"EffiScience","article_publisher":"https:\/\/www.facebook.com\/EffiscienceParis\/","article_modified_time":"2026-04-25T02:16:09+00:00","og_image":[{"url":"http:\/\/www.celsyus.effiscience.paris\/wp-content\/uploads\/2025\/12\/Kobido1-1.png","type":"","width":"","height":""}],"twitter_card":"summary_large_image","twitter_misc":{"Est. reading time":"3 minutes"},"schema":{"@context":"https:\/\/schema.org","@graph":[{"@type":"WebPage","@id":"http:\/\/www.celsyus.effiscience.paris\/index.php\/soin-visage-a-paris-concept\/","url":"http:\/\/www.celsyus.effiscience.paris\/index.php\/soin-visage-a-paris-concept\/","name":"Soin visage \u00e0 Paris : votre exp\u00e9rience unique - EffiScience","isPartOf":{"@id":"http:\/\/www.celsyus.effiscience.paris\/#website"},"primaryImageOfPage":{"@id":"http:\/\/www.celsyus.effiscience.paris\/index.php\/soin-visage-a-paris-concept\/#primaryimage"},"image":{"@id":"http:\/\/www.celsyus.effiscience.paris\/index.php\/soin-visage-a-paris-concept\/#primaryimage"},"thumbnailUrl":"http:\/\/www.celsyus.effiscience.paris\/wp-content\/uploads\/2025\/12\/Kobido1-1.png","datePublished":"2025-12-23T18:28:26+00:00","dateModified":"2026-04-25T02:16:09+00:00","description":"Des soins visage haut de gamme pour sublimer et revitaliser la peau gr\u00e2ce aux bienfaits du contraste chaud \/ froid.","breadcrumb":{"@id":"http:\/\/www.celsyus.effiscience.paris\/index.php\/soin-visage-a-paris-concept\/#breadcrumb"},"inLanguage":"en-US","potentialAction":[{"@type":"ReadAction","target":["http:\/\/www.celsyus.effiscience.paris\/index.php\/soin-visage-a-paris-concept\/"]}]},{"@type":"ImageObject","inLanguage":"en-US","@id":"http:\/\/www.celsyus.effiscience.paris\/index.php\/soin-visage-a-paris-concept\/#primaryimage","url":"http:\/\/www.celsyus.effiscience.paris\/wp-content\/uploads\/2025\/12\/Kobido1-1.png","contentUrl":"http:\/\/www.celsyus.effiscience.paris\/wp-content\/uploads\/2025\/12\/Kobido1-1.png","width":1604,"height":920,"caption":"Soin visage \u00e0 Paris haut de gamme"},{"@type":"BreadcrumbList","@id":"http:\/\/www.celsyus.effiscience.paris\/index.php\/soin-visage-a-paris-concept\/#breadcrumb","itemListElement":[{"@type":"ListItem","position":1,"name":"Home","item":"http:\/\/www.celsyus.effiscience.paris\/"},{"@type":"ListItem","position":2,"name":"Soin visage \u00e0 Paris &#8211; le concept"}]},{"@type":"WebSite","@id":"http:\/\/www.celsyus.effiscience.paris\/#website","url":"http:\/\/www.celsyus.effiscience.paris\/","name":"EffiScience","description":"","publisher":{"@id":"http:\/\/www.celsyus.effiscience.paris\/#organization"},"potentialAction":[{"@type":"SearchAction","target":{"@type":"EntryPoint","urlTemplate":"http:\/\/www.celsyus.effiscience.paris\/?s={search_term_string}"},"query-input":{"@type":"PropertyValueSpecification","valueRequired":true,"valueName":"search_term_string"}}],"inLanguage":"en-US"},{"@type":["Organization","Place"],"@id":"http:\/\/www.celsyus.effiscience.paris\/#organization","name":"EffiScience Paris","alternateName":"EffiScience","url":"http:\/\/www.celsyus.effiscience.paris\/","logo":{"@id":"http:\/\/www.celsyus.effiscience.paris\/index.php\/soin-visage-a-paris-concept\/#local-main-organization-logo"},"image":{"@id":"http:\/\/www.celsyus.effiscience.paris\/index.php\/soin-visage-a-paris-concept\/#local-main-organization-logo"},"sameAs":["https:\/\/www.facebook.com\/EffiscienceParis\/","https:\/\/www.instagram.com\/effiscience_paris\/"],"telephone":[],"openingHoursSpecification":[{"@type":"OpeningHoursSpecification","dayOfWeek":["Monday","Tuesday","Wednesday","Thursday","Friday","Saturday","Sunday"],"opens":"09:00","closes":"17:00"}]},{"@type":"ImageObject","inLanguage":"en-US","@id":"http:\/\/www.celsyus.effiscience.paris\/index.php\/soin-visage-a-paris-concept\/#local-main-organization-logo","url":"http:\/\/www.celsyus.effiscience.paris\/wp-content\/uploads\/2025\/12\/EffiScienceLogoCarre.png","contentUrl":"http:\/\/www.celsyus.effiscience.paris\/wp-content\/uploads\/2025\/12\/EffiScienceLogoCarre.png","width":330,"height":331,"caption":"EffiScience Paris"}]}},"_links":{"self":[{"href":"http:\/\/www.celsyus.effiscience.paris\/index.php\/wp-json\/wp\/v2\/pages\/180","targetHints":{"allow":["GET"]}}],"collection":[{"href":"http:\/\/www.celsyus.effiscience.paris\/index.php\/wp-json\/wp\/v2\/pages"}],"about":[{"href":"http:\/\/www.celsyus.effiscience.paris\/index.php\/wp-json\/wp\/v2\/types\/page"}],"author":[{"embeddable":true,"href":"http:\/\/www.celsyus.effiscience.paris\/index.php\/wp-json\/wp\/v2\/users\/1"}],"replies":[{"embeddable":true,"href":"http:\/\/www.celsyus.effiscience.paris\/index.php\/wp-json\/wp\/v2\/comments?post=180"}],"version-history":[{"count":84,"href":"http:\/\/www.celsyus.effiscience.paris\/index.php\/wp-json\/wp\/v2\/pages\/180\/revisions"}],"predecessor-version":[{"id":769,"href":"http:\/\/www.celsyus.effiscience.paris\/index.php\/wp-json\/wp\/v2\/pages\/180\/revisions\/769"}],"wp:attachment":[{"href":"http:\/\/www.celsyus.effiscience.paris\/index.php\/wp-json\/wp\/v2\/media?parent=180"}],"curies":[{"name":"wp","href":"https:\/\/api.w.org\/{rel}","templated":true}]}}