{"id":126,"date":"2025-12-23T14:35:56","date_gmt":"2025-12-23T14:35:56","guid":{"rendered":"http:\/\/www.celsyus.effiscience.paris\/?page_id=126"},"modified":"2026-04-08T08:38:25","modified_gmt":"2026-04-08T08:38:25","slug":"tarifs","status":"publish","type":"page","link":"http:\/\/www.celsyus.effiscience.paris\/index.php\/tarifs\/","title":{"rendered":"Tarifs"},"content":{"rendered":"\n<div class=\"wp-block-cover alignwide\" style=\"min-height:100vh;aspect-ratio:unset;\"><img loading=\"lazy\" decoding=\"async\" width=\"1536\" height=\"1024\" class=\"wp-block-cover__image-background wp-image-132 size-full\" alt=\"Hot power yoga EffiScience hot yoga bigram \u00e0 Paris\" src=\"http:\/\/www.celsyus.effiscience.paris\/wp-content\/uploads\/2025\/12\/HotYoga_2.png\" data-object-fit=\"cover\" srcset=\"http:\/\/www.celsyus.effiscience.paris\/wp-content\/uploads\/2025\/12\/HotYoga_2.png 1536w, http:\/\/www.celsyus.effiscience.paris\/wp-content\/uploads\/2025\/12\/HotYoga_2-300x200.png 300w, http:\/\/www.celsyus.effiscience.paris\/wp-content\/uploads\/2025\/12\/HotYoga_2-1024x683.png 1024w, http:\/\/www.celsyus.effiscience.paris\/wp-content\/uploads\/2025\/12\/HotYoga_2-768x512.png 768w\" sizes=\"auto, (max-width: 1536px) 100vw, 1536px\" \/><span aria-hidden=\"true\" class=\"wp-block-cover__background has-background-dim\" style=\"background-color:#674233\"><\/span><div class=\"wp-block-cover__inner-container is-layout-constrained wp-block-cover-is-layout-constrained\">\n<h5 class=\"wp-block-heading has-text-align-center has-large-font-size\" id=\"h-choose-to-rise\">CHoose to Rise<\/h5>\n\n\n\n<h5 class=\"wp-block-heading has-text-align-center\" id=\"h-trouvez-votre-formule\">Trouvez votrE formule<\/h5>\n\n\n\n<div style=\"height:100px\" aria-hidden=\"true\" class=\"wp-block-spacer\"><\/div>\n\n\n\n<div class=\"wp-block-buttons is-content-justification-center is-layout-flex wp-container-core-buttons-is-layout-a89b3969 wp-block-buttons-is-layout-flex\">\n<div class=\"wp-block-button is-style-outline is-style-outline--1\"><a class=\"wp-block-button__link wp-element-button\" href=\"https:\/\/www.celsyus.effiscience.paris\/index.php\/planning\/\">PLANNING<\/a><\/div>\n\n\n\n<div class=\"wp-block-button is-style-outline is-style-outline--2\"><a class=\"wp-block-button__link wp-element-button\" href=\"https:\/\/www.celsyus.effiscience.paris\/index.php\/tarifs\/\">     TARIFS     <\/a><\/div>\n<\/div>\n\n\n\n<h3 class=\"wp-block-heading has-text-align-center\" id=\"h-offre-speciale-20-sur-la-carte-decouverte-avec-le-code-start-hot-jusqu-au-1er-mai\"><strong>Offre sp\u00e9ciale : -20\u20ac sur la carte d\u00e9couverte avec le code START_HOT jusqu&#8217;au 1er mai<\/strong><\/h3>\n\n\n\n<div class=\"wp-block-buttons is-content-justification-center is-layout-flex wp-container-core-buttons-is-layout-a89b3969 wp-block-buttons-is-layout-flex\"><\/div>\n<\/div><\/div>\n\n\n\n<div style=\"height:100px\" aria-hidden=\"true\" class=\"wp-block-spacer\"><\/div>\n\n\n\n<h2 class=\"wp-block-heading has-text-align-center\" id=\"h-nos-formules-sport\">NOS FORMULES SPORT<\/h2>\n\n\n\n<h2 class=\"wp-block-heading has-text-align-center\" id=\"h-seance-unitaire-a-partir-de-50\"><em>S\u00e9ance unitaire \u00e0 partir de 50\u20ac<\/em><\/h2>\n\n\n\n<div class=\"wp-block-columns is-layout-flex wp-container-core-columns-is-layout-28f84493 wp-block-columns-is-layout-flex\">\n<div class=\"wp-block-column is-layout-flow wp-block-column-is-layout-flow\">\n<figure class=\"wp-block-gallery has-nested-images columns-default is-cropped wp-block-gallery-3 is-layout-flex wp-block-gallery-is-layout-flex\">\n<figure class=\"wp-block-image size-full\"><a href=\"https:\/\/clients.mindbodyonline.com\/classic\/ws?studioid=486426&amp;stype=43&amp;prodid=100351\" target=\"_blank\" rel=\" noreferrer noopener\"><img loading=\"lazy\" decoding=\"async\" width=\"748\" height=\"862\" data-id=\"617\" src=\"https:\/\/www.celsyus.effiscience.paris\/wp-content\/uploads\/2026\/03\/carte-decouverte-1.jpeg\" alt=\"\" class=\"wp-image-617\" srcset=\"http:\/\/www.celsyus.effiscience.paris\/wp-content\/uploads\/2026\/03\/carte-decouverte-1.jpeg 748w, http:\/\/www.celsyus.effiscience.paris\/wp-content\/uploads\/2026\/03\/carte-decouverte-1-260x300.jpeg 260w\" sizes=\"auto, (max-width: 748px) 100vw, 748px\" \/><\/a><\/figure>\n<\/figure>\n<\/div>\n\n\n\n<div class=\"wp-block-column is-layout-flow wp-block-column-is-layout-flow\">\n<figure class=\"wp-block-image size-large\"><a href=\"https:\/\/clients.mindbodyonline.com\/classic\/ws?studioid=486426&amp;stype=43&amp;prodid=100347\" target=\"_blank\" rel=\" noreferrer noopener\"><img loading=\"lazy\" decoding=\"async\" width=\"738\" height=\"858\" src=\"http:\/\/www.celsyus.effiscience.paris\/wp-content\/uploads\/2025\/12\/5-seances.png\" alt=\"\" class=\"wp-image-279\" srcset=\"http:\/\/www.celsyus.effiscience.paris\/wp-content\/uploads\/2025\/12\/5-seances.png 738w, http:\/\/www.celsyus.effiscience.paris\/wp-content\/uploads\/2025\/12\/5-seances-258x300.png 258w\" sizes=\"auto, (max-width: 738px) 100vw, 738px\" \/><\/a><\/figure>\n<\/div>\n\n\n\n<div class=\"wp-block-column is-layout-flow wp-block-column-is-layout-flow\">\n<figure class=\"wp-block-image size-full\"><a href=\"https:\/\/clients.mindbodyonline.com\/classic\/ws?studioid=486426&amp;stype=43&amp;prodid=100348\" target=\"_blank\" rel=\"https:\/\/clients.mindbodyonline.com\/classic\/ws?studioid=486426&amp;stype=43&amp;prodid=100348 noreferrer noopener\"><img loading=\"lazy\" decoding=\"async\" width=\"734\" height=\"856\" src=\"http:\/\/www.celsyus.effiscience.paris\/wp-content\/uploads\/2025\/12\/Capture-decran-2025-12-24-a-07.22.57.png\" alt=\"\" class=\"wp-image-294\" srcset=\"http:\/\/www.celsyus.effiscience.paris\/wp-content\/uploads\/2025\/12\/Capture-decran-2025-12-24-a-07.22.57.png 734w, http:\/\/www.celsyus.effiscience.paris\/wp-content\/uploads\/2025\/12\/Capture-decran-2025-12-24-a-07.22.57-257x300.png 257w\" sizes=\"auto, (max-width: 734px) 100vw, 734px\" \/><\/a><\/figure>\n<\/div>\n\n\n\n<div class=\"wp-block-column is-layout-flow wp-block-column-is-layout-flow\">\n<figure class=\"wp-block-image size-full\"><a href=\"https:\/\/clients.mindbodyonline.com\/classic\/ws?studioid=486426&amp;stype=43&amp;prodid=100349\" target=\"_blank\" rel=\" noreferrer noopener\"><img loading=\"lazy\" decoding=\"async\" width=\"738\" height=\"858\" src=\"http:\/\/www.celsyus.effiscience.paris\/wp-content\/uploads\/2025\/12\/25-seances.png\" alt=\"\" class=\"wp-image-281\" srcset=\"http:\/\/www.celsyus.effiscience.paris\/wp-content\/uploads\/2025\/12\/25-seances.png 738w, http:\/\/www.celsyus.effiscience.paris\/wp-content\/uploads\/2025\/12\/25-seances-258x300.png 258w\" sizes=\"auto, (max-width: 738px) 100vw, 738px\" \/><\/a><\/figure>\n<\/div>\n<\/div>\n\n\n\n<div style=\"height:100px\" aria-hidden=\"true\" class=\"wp-block-spacer\"><\/div>\n\n\n\n<div class=\"wp-block-buttons is-content-justification-center is-layout-flex wp-container-core-buttons-is-layout-a89b3969 wp-block-buttons-is-layout-flex\">\n<div class=\"wp-block-button\"><a class=\"wp-block-button__link wp-element-button\">R\u00e9server votre premi\u00e8re s\u00e9ance<\/a><\/div>\n<\/div>\n\n\n\n<div class=\"wp-block-group alignfull has-text-color has-background is-layout-flow wp-block-group-is-layout-flow\" style=\"color:#000000;background-color:#ffffff\">\n<div style=\"height:64px\" aria-hidden=\"true\" class=\"wp-block-spacer\"><\/div>\n<\/div>\n\n\n\n<p><\/p>\n","protected":false},"excerpt":{"rendered":"<p>NOS FORMULES SPORT S\u00e9ance unitaire \u00e0 partir de 50\u20ac<\/p>\n","protected":false},"author":1,"featured_media":0,"parent":0,"menu_order":0,"comment_status":"closed","ping_status":"closed","template":"","meta":{"site-sidebar-layout":"default","site-content-layout":"","ast-site-content-layout":"default","site-content-style":"default","site-sidebar-style":"default","ast-global-header-display":"","ast-banner-title-visibility":"","ast-main-header-display":"","ast-hfb-above-header-display":"","ast-hfb-below-header-display":"","ast-hfb-mobile-header-display":"","site-post-title":"disabled","ast-breadcrumbs-content":"","ast-featured-img":"","footer-sml-layout":"","ast-disable-related-posts":"","theme-transparent-header-meta":"","adv-header-id-meta":"","stick-header-meta":"","header-above-stick-meta":"","header-main-stick-meta":"","header-below-stick-meta":"","astra-migrate-meta-layouts":"default","ast-page-background-enabled":"default","ast-page-background-meta":{"desktop":{"background-color":"var(--ast-global-color-5)","background-image":"","background-repeat":"repeat","background-position":"center center","background-size":"auto","background-attachment":"scroll","background-type":"","background-media":"","overlay-type":"","overlay-color":"","overlay-opacity":"","overlay-gradient":""},"tablet":{"background-color":"","background-image":"","background-repeat":"repeat","background-position":"center center","background-size":"auto","background-attachment":"scroll","background-type":"","background-media":"","overlay-type":"","overlay-color":"","overlay-opacity":"","overlay-gradient":""},"mobile":{"background-color":"","background-image":"","background-repeat":"repeat","background-position":"center center","background-size":"auto","background-attachment":"scroll","background-type":"","background-media":"","overlay-type":"","overlay-color":"","overlay-opacity":"","overlay-gradient":""}},"ast-content-background-meta":{"desktop":{"background-color":"var(--ast-global-color-4)","background-image":"","background-repeat":"repeat","background-position":"center center","background-size":"auto","background-attachment":"scroll","background-type":"","background-media":"","overlay-type":"","overlay-color":"","overlay-opacity":"","overlay-gradient":""},"tablet":{"background-color":"var(--ast-global-color-4)","background-image":"","background-repeat":"repeat","background-position":"center center","background-size":"auto","background-attachment":"scroll","background-type":"","background-media":"","overlay-type":"","overlay-color":"","overlay-opacity":"","overlay-gradient":""},"mobile":{"background-color":"var(--ast-global-color-4)","background-image":"","background-repeat":"repeat","background-position":"center center","background-size":"auto","background-attachment":"scroll","background-type":"","background-media":"","overlay-type":"","overlay-color":"","overlay-opacity":"","overlay-gradient":""}},"footnotes":""},"class_list":["post-126","page","type-page","status-publish","hentry"],"yoast_head":"<!-- This site is optimized with the Yoast SEO Premium plugin v26.7 (Yoast SEO v26.7) - https:\/\/yoast.com\/wordpress\/plugins\/seo\/ -->\n<title>Tarifs - EffiScience<\/title>\n<meta name=\"robots\" content=\"index, follow, max-snippet:-1, max-image-preview:large, max-video-preview:-1\" \/>\n<link rel=\"canonical\" href=\"https:\/\/www.celsyus.effiscience.paris\/index.php\/tarifs\/\" \/>\n<meta property=\"og:locale\" content=\"en_US\" \/>\n<meta property=\"og:type\" content=\"article\" \/>\n<meta property=\"og:title\" content=\"Tarifs\" \/>\n<meta property=\"og:description\" content=\"NOS FORMULES SPORT S\u00e9ance unitaire \u00e0 partir de 50\u20ac\" \/>\n<meta property=\"og:url\" content=\"https:\/\/www.celsyus.effiscience.paris\/index.php\/tarifs\/\" \/>\n<meta property=\"og:site_name\" content=\"EffiScience\" \/>\n<meta property=\"article:publisher\" content=\"https:\/\/www.facebook.com\/EffiscienceParis\/\" \/>\n<meta property=\"article:modified_time\" content=\"2026-04-08T08:38:25+00:00\" \/>\n<meta property=\"og:image\" content=\"http:\/\/www.celsyus.effiscience.paris\/wp-content\/uploads\/2025\/12\/HotYoga_2.png\" \/>\n<meta name=\"twitter:card\" content=\"summary_large_image\" \/>\n<meta name=\"twitter:label1\" content=\"Est. reading time\" \/>\n\t<meta name=\"twitter:data1\" content=\"2 minutes\" \/>\n<script type=\"application\/ld+json\" class=\"yoast-schema-graph\">{\"@context\":\"https:\/\/schema.org\",\"@graph\":[{\"@type\":\"WebPage\",\"@id\":\"https:\/\/www.celsyus.effiscience.paris\/index.php\/tarifs\/\",\"url\":\"https:\/\/www.celsyus.effiscience.paris\/index.php\/tarifs\/\",\"name\":\"Tarifs - EffiScience\",\"isPartOf\":{\"@id\":\"http:\/\/www.celsyus.effiscience.paris\/#website\"},\"primaryImageOfPage\":{\"@id\":\"https:\/\/www.celsyus.effiscience.paris\/index.php\/tarifs\/#primaryimage\"},\"image\":{\"@id\":\"https:\/\/www.celsyus.effiscience.paris\/index.php\/tarifs\/#primaryimage\"},\"thumbnailUrl\":\"http:\/\/www.celsyus.effiscience.paris\/wp-content\/uploads\/2025\/12\/HotYoga_2.png\",\"datePublished\":\"2025-12-23T14:35:56+00:00\",\"dateModified\":\"2026-04-08T08:38:25+00:00\",\"breadcrumb\":{\"@id\":\"https:\/\/www.celsyus.effiscience.paris\/index.php\/tarifs\/#breadcrumb\"},\"inLanguage\":\"en-US\",\"potentialAction\":[{\"@type\":\"ReadAction\",\"target\":[\"https:\/\/www.celsyus.effiscience.paris\/index.php\/tarifs\/\"]}]},{\"@type\":\"ImageObject\",\"inLanguage\":\"en-US\",\"@id\":\"https:\/\/www.celsyus.effiscience.paris\/index.php\/tarifs\/#primaryimage\",\"url\":\"http:\/\/www.celsyus.effiscience.paris\/wp-content\/uploads\/2025\/12\/HotYoga_2.png\",\"contentUrl\":\"http:\/\/www.celsyus.effiscience.paris\/wp-content\/uploads\/2025\/12\/HotYoga_2.png\",\"width\":1536,\"height\":1024,\"caption\":\"Hot power yoga EffiScience hot yoga bigram \u00e0 Paris\"},{\"@type\":\"BreadcrumbList\",\"@id\":\"https:\/\/www.celsyus.effiscience.paris\/index.php\/tarifs\/#breadcrumb\",\"itemListElement\":[{\"@type\":\"ListItem\",\"position\":1,\"name\":\"Home\",\"item\":\"http:\/\/www.celsyus.effiscience.paris\/\"},{\"@type\":\"ListItem\",\"position\":2,\"name\":\"Tarifs\"}]},{\"@type\":\"WebSite\",\"@id\":\"http:\/\/www.celsyus.effiscience.paris\/#website\",\"url\":\"http:\/\/www.celsyus.effiscience.paris\/\",\"name\":\"EffiScience\",\"description\":\"\",\"publisher\":{\"@id\":\"http:\/\/www.celsyus.effiscience.paris\/#organization\"},\"potentialAction\":[{\"@type\":\"SearchAction\",\"target\":{\"@type\":\"EntryPoint\",\"urlTemplate\":\"http:\/\/www.celsyus.effiscience.paris\/?s={search_term_string}\"},\"query-input\":{\"@type\":\"PropertyValueSpecification\",\"valueRequired\":true,\"valueName\":\"search_term_string\"}}],\"inLanguage\":\"en-US\"},{\"@type\":[\"Organization\",\"Place\"],\"@id\":\"http:\/\/www.celsyus.effiscience.paris\/#organization\",\"name\":\"EffiScience Paris\",\"alternateName\":\"EffiScience\",\"url\":\"http:\/\/www.celsyus.effiscience.paris\/\",\"logo\":{\"@id\":\"https:\/\/www.celsyus.effiscience.paris\/index.php\/tarifs\/#local-main-organization-logo\"},\"image\":{\"@id\":\"https:\/\/www.celsyus.effiscience.paris\/index.php\/tarifs\/#local-main-organization-logo\"},\"sameAs\":[\"https:\/\/www.facebook.com\/EffiscienceParis\/\",\"https:\/\/www.instagram.com\/effiscience_paris\/\"],\"telephone\":[],\"openingHoursSpecification\":[{\"@type\":\"OpeningHoursSpecification\",\"dayOfWeek\":[\"Monday\",\"Tuesday\",\"Wednesday\",\"Thursday\",\"Friday\",\"Saturday\",\"Sunday\"],\"opens\":\"09:00\",\"closes\":\"17:00\"}]},{\"@type\":\"ImageObject\",\"inLanguage\":\"en-US\",\"@id\":\"https:\/\/www.celsyus.effiscience.paris\/index.php\/tarifs\/#local-main-organization-logo\",\"url\":\"http:\/\/www.celsyus.effiscience.paris\/wp-content\/uploads\/2025\/12\/EffiScienceLogoCarre.png\",\"contentUrl\":\"http:\/\/www.celsyus.effiscience.paris\/wp-content\/uploads\/2025\/12\/EffiScienceLogoCarre.png\",\"width\":330,\"height\":331,\"caption\":\"EffiScience Paris\"}]}<\/script>\n<!-- \/ Yoast SEO Premium plugin. -->","yoast_head_json":{"title":"Tarifs - EffiScience","robots":{"index":"index","follow":"follow","max-snippet":"max-snippet:-1","max-image-preview":"max-image-preview:large","max-video-preview":"max-video-preview:-1"},"canonical":"https:\/\/www.celsyus.effiscience.paris\/index.php\/tarifs\/","og_locale":"en_US","og_type":"article","og_title":"Tarifs","og_description":"NOS FORMULES SPORT S\u00e9ance unitaire \u00e0 partir de 50\u20ac","og_url":"https:\/\/www.celsyus.effiscience.paris\/index.php\/tarifs\/","og_site_name":"EffiScience","article_publisher":"https:\/\/www.facebook.com\/EffiscienceParis\/","article_modified_time":"2026-04-08T08:38:25+00:00","og_image":[{"url":"http:\/\/www.celsyus.effiscience.paris\/wp-content\/uploads\/2025\/12\/HotYoga_2.png","type":"","width":"","height":""}],"twitter_card":"summary_large_image","twitter_misc":{"Est. reading time":"2 minutes"},"schema":{"@context":"https:\/\/schema.org","@graph":[{"@type":"WebPage","@id":"https:\/\/www.celsyus.effiscience.paris\/index.php\/tarifs\/","url":"https:\/\/www.celsyus.effiscience.paris\/index.php\/tarifs\/","name":"Tarifs - EffiScience","isPartOf":{"@id":"http:\/\/www.celsyus.effiscience.paris\/#website"},"primaryImageOfPage":{"@id":"https:\/\/www.celsyus.effiscience.paris\/index.php\/tarifs\/#primaryimage"},"image":{"@id":"https:\/\/www.celsyus.effiscience.paris\/index.php\/tarifs\/#primaryimage"},"thumbnailUrl":"http:\/\/www.celsyus.effiscience.paris\/wp-content\/uploads\/2025\/12\/HotYoga_2.png","datePublished":"2025-12-23T14:35:56+00:00","dateModified":"2026-04-08T08:38:25+00:00","breadcrumb":{"@id":"https:\/\/www.celsyus.effiscience.paris\/index.php\/tarifs\/#breadcrumb"},"inLanguage":"en-US","potentialAction":[{"@type":"ReadAction","target":["https:\/\/www.celsyus.effiscience.paris\/index.php\/tarifs\/"]}]},{"@type":"ImageObject","inLanguage":"en-US","@id":"https:\/\/www.celsyus.effiscience.paris\/index.php\/tarifs\/#primaryimage","url":"http:\/\/www.celsyus.effiscience.paris\/wp-content\/uploads\/2025\/12\/HotYoga_2.png","contentUrl":"http:\/\/www.celsyus.effiscience.paris\/wp-content\/uploads\/2025\/12\/HotYoga_2.png","width":1536,"height":1024,"caption":"Hot power yoga EffiScience hot yoga bigram \u00e0 Paris"},{"@type":"BreadcrumbList","@id":"https:\/\/www.celsyus.effiscience.paris\/index.php\/tarifs\/#breadcrumb","itemListElement":[{"@type":"ListItem","position":1,"name":"Home","item":"http:\/\/www.celsyus.effiscience.paris\/"},{"@type":"ListItem","position":2,"name":"Tarifs"}]},{"@type":"WebSite","@id":"http:\/\/www.celsyus.effiscience.paris\/#website","url":"http:\/\/www.celsyus.effiscience.paris\/","name":"EffiScience","description":"","publisher":{"@id":"http:\/\/www.celsyus.effiscience.paris\/#organization"},"potentialAction":[{"@type":"SearchAction","target":{"@type":"EntryPoint","urlTemplate":"http:\/\/www.celsyus.effiscience.paris\/?s={search_term_string}"},"query-input":{"@type":"PropertyValueSpecification","valueRequired":true,"valueName":"search_term_string"}}],"inLanguage":"en-US"},{"@type":["Organization","Place"],"@id":"http:\/\/www.celsyus.effiscience.paris\/#organization","name":"EffiScience Paris","alternateName":"EffiScience","url":"http:\/\/www.celsyus.effiscience.paris\/","logo":{"@id":"https:\/\/www.celsyus.effiscience.paris\/index.php\/tarifs\/#local-main-organization-logo"},"image":{"@id":"https:\/\/www.celsyus.effiscience.paris\/index.php\/tarifs\/#local-main-organization-logo"},"sameAs":["https:\/\/www.facebook.com\/EffiscienceParis\/","https:\/\/www.instagram.com\/effiscience_paris\/"],"telephone":[],"openingHoursSpecification":[{"@type":"OpeningHoursSpecification","dayOfWeek":["Monday","Tuesday","Wednesday","Thursday","Friday","Saturday","Sunday"],"opens":"09:00","closes":"17:00"}]},{"@type":"ImageObject","inLanguage":"en-US","@id":"https:\/\/www.celsyus.effiscience.paris\/index.php\/tarifs\/#local-main-organization-logo","url":"http:\/\/www.celsyus.effiscience.paris\/wp-content\/uploads\/2025\/12\/EffiScienceLogoCarre.png","contentUrl":"http:\/\/www.celsyus.effiscience.paris\/wp-content\/uploads\/2025\/12\/EffiScienceLogoCarre.png","width":330,"height":331,"caption":"EffiScience Paris"}]}},"_links":{"self":[{"href":"http:\/\/www.celsyus.effiscience.paris\/index.php\/wp-json\/wp\/v2\/pages\/126","targetHints":{"allow":["GET"]}}],"collection":[{"href":"http:\/\/www.celsyus.effiscience.paris\/index.php\/wp-json\/wp\/v2\/pages"}],"about":[{"href":"http:\/\/www.celsyus.effiscience.paris\/index.php\/wp-json\/wp\/v2\/types\/page"}],"author":[{"embeddable":true,"href":"http:\/\/www.celsyus.effiscience.paris\/index.php\/wp-json\/wp\/v2\/users\/1"}],"replies":[{"embeddable":true,"href":"http:\/\/www.celsyus.effiscience.paris\/index.php\/wp-json\/wp\/v2\/comments?post=126"}],"version-history":[{"count":62,"href":"http:\/\/www.celsyus.effiscience.paris\/index.php\/wp-json\/wp\/v2\/pages\/126\/revisions"}],"predecessor-version":[{"id":645,"href":"http:\/\/www.celsyus.effiscience.paris\/index.php\/wp-json\/wp\/v2\/pages\/126\/revisions\/645"}],"wp:attachment":[{"href":"http:\/\/www.celsyus.effiscience.paris\/index.php\/wp-json\/wp\/v2\/media?parent=126"}],"curies":[{"name":"wp","href":"https:\/\/api.w.org\/{rel}","templated":true}]}}